{"id":575,"date":"2014-04-18T00:13:45","date_gmt":"2014-04-17T22:13:45","guid":{"rendered":"http:\/\/hl-process.com\/?page_id=575"},"modified":"2015-03-26T18:14:15","modified_gmt":"2015-03-26T17:14:15","slug":"projets-management","status":"publish","type":"page","link":"https:\/\/www.hl-process.com\/fr\/gestion-de-projet\/","title":{"rendered":"Gestion de Projet"},"content":{"rendered":"<p><script>\/\/ <![CDATA[\n(function(i,s,o,g,r,a,m){i['GoogleAnalyticsObject']=r;i[r]=i[r]||function(){   (i[r].q=i[r].q||[]).push(arguments)},i[r].l=1*new Date();a=s.createElement(o),   m=s.getElementsByTagName(o)[0];a.async=1;a.src=g;m.parentNode.insertBefore(a,m)   })(window,document,'script','\/\/www.google-analytics.com\/analytics.js','ga');   ga('create', 'UA-61218157-1', 'auto');   ga('send', 'pageview');\n\/\/ ]]><\/script><\/p>\n<h3 style=\"text-align: center;\"><span style=\"color: #000000;\">La \u00ab\u00a0Gestion de Projet\u00a0\u00bb est une d\u00e9marche visant \u00e0 organiser,<\/span><\/h3>\n<h3 style=\"text-align: center;\"><span style=\"color: #000000;\">de bout en bout, le bon d\u00e9roulement d\u2019un projet<\/span><\/h3>\n<p><img loading=\"lazy\" decoding=\"async\" class=\"aligncenter wp-image-589\" src=\"http:\/\/hl-process.com\/wp-content\/uploads\/Tour-Eiffel.jpg\" alt=\"Tour Eiffel\" width=\"554\" height=\"324\" data-id=\"589\" srcset=\"https:\/\/www.hl-process.com\/wp-content\/uploads\/Tour-Eiffel.jpg 559w, https:\/\/www.hl-process.com\/wp-content\/uploads\/Tour-Eiffel-300x175.jpg 300w\" sizes=\"(max-width: 554px) 100vw, 554px\" \/><\/p>\n<h3><\/h3>\n<hr \/>\n<h3><span style=\"text-decoration: underline;\"><span style=\"color: #000080; text-decoration: underline;\">Quelques Concepts :<\/span><\/span><\/h3>\n<p><img loading=\"lazy\" decoding=\"async\" class=\"alignnone wp-image-584\" src=\"http:\/\/hl-process.com\/wp-content\/uploads\/nuage-de-mots-cle2-e1400968299477.png\" alt=\"nuage de mots cle2\" width=\"373\" height=\"207\" data-id=\"584\" srcset=\"https:\/\/www.hl-process.com\/wp-content\/uploads\/nuage-de-mots-cle2-e1400968299477.png 435w, https:\/\/www.hl-process.com\/wp-content\/uploads\/nuage-de-mots-cle2-e1400968299477-300x166.png 300w\" sizes=\"(max-width: 373px) 100vw, 373px\" \/>\u00a0<a href=\"http:\/\/hl-process.com\/wp-content\/uploads\/Capture-03.jpg\">\u00a0 \u00a0 \u00a0 \u00a0\u00a0<\/a><img loading=\"lazy\" decoding=\"async\" class=\"alignnone wp-image-586\" src=\"http:\/\/hl-process.com\/wp-content\/uploads\/Capture-02.jpg\" alt=\"Capture 02\" width=\"346\" height=\"195\" data-id=\"586\" \/><\/p>\n<p><img loading=\"lazy\" decoding=\"async\" class=\"alignnone wp-image-587\" src=\"http:\/\/hl-process.com\/wp-content\/uploads\/Capture-03-e1400964935486.jpg\" alt=\"Capture 03\" width=\"372\" height=\"175\" data-id=\"587\" \/>\u00a0 \u00a0 \u00a0 \u00a0\u00a0<img loading=\"lazy\" decoding=\"async\" class=\"alignnone wp-image-585\" src=\"http:\/\/hl-process.com\/wp-content\/uploads\/Capture-01.jpg\" alt=\"Capture 01\" width=\"364\" height=\"175\" data-id=\"585\" srcset=\"https:\/\/www.hl-process.com\/wp-content\/uploads\/Capture-01.jpg 721w, https:\/\/www.hl-process.com\/wp-content\/uploads\/Capture-01-300x144.jpg 300w\" sizes=\"(max-width: 364px) 100vw, 364px\" \/><\/p>\n<h3><\/h3>\n<hr \/>\n<h3><span style=\"text-decoration: underline; color: #000080;\"><b>Le Paradoxe de la Gestion de Projet :<\/b><\/span><\/h3>\n<p><img loading=\"lazy\" decoding=\"async\" class=\"alignnone\" src=\"http:\/\/www.anact.fr\/images\/web\/simulation\/midler.jpg\" alt=\"\" width=\"432\" height=\"279\" \/><\/p>\n<ul>\n<li>\n<h6>En d\u00e9but de projet, marge de man\u0153uvre importante.<\/h6>\n<\/li>\n<li>\n<h6>En fin de projet, on sait ce qu\u2019il aurait fallu faire,\u00a0 mais trop tard\u2026<\/h6>\n<\/li>\n<\/ul>\n<hr \/>\n<h3><span style=\"text-decoration: underline; color: #000080;\">Typologie et Profil d&rsquo;un Projet :<\/span><\/h3>\n<p><a href=\"http:\/\/hl-process.com\/wp-content\/uploads\/Typologie-Projet-e1400973352709.jpg\"><img loading=\"lazy\" decoding=\"async\" class=\"alignnone wp-image-601\" src=\"http:\/\/hl-process.com\/wp-content\/uploads\/Typologie-Projet-e1400973147941-300x268.jpg\" alt=\"\" width=\"279\" height=\"250\" data-id=\"601\" \/><\/a>\u00a0 \u00a0 \u00a0<img loading=\"lazy\" decoding=\"async\" class=\"alignnone wp-image-906\" src=\"http:\/\/hl-process.com\/wp-content\/uploads\/Profil-FR.jpg\" alt=\"Profil FR\" width=\"500\" height=\"254\" data-id=\"906\" srcset=\"https:\/\/www.hl-process.com\/wp-content\/uploads\/Profil-FR.jpg 627w, https:\/\/www.hl-process.com\/wp-content\/uploads\/Profil-FR-300x152.jpg 300w\" sizes=\"(max-width: 500px) 100vw, 500px\" \/><\/p>\n<h3><\/h3>\n<hr \/>\n<h3><span style=\"text-decoration: underline;\"><span style=\"color: #000080; text-decoration: underline;\">Quelques Outils Habituellement Utilis\u00e9s :<\/span><\/span><\/h3>\n<h4><\/h4>\n<hr \/>\n<h4><span style=\"text-decoration: underline;\"><span style=\"color: #3366ff; text-decoration: underline;\">Diagramme des travaux :<\/span><\/span><\/h4>\n<h6><span style=\"color: #333333;\">WBS &#8211; Work Breakdown Structure<\/span><\/h6>\n<div class=\"O0\"><img loading=\"lazy\" decoding=\"async\" class=\"alignnone wp-image-591\" src=\"http:\/\/hl-process.com\/wp-content\/uploads\/D\u00e9coupage-des-Taches.jpg\" alt=\"D\u00e9coupage des Taches\" width=\"392\" height=\"303\" data-id=\"591\" srcset=\"https:\/\/www.hl-process.com\/wp-content\/uploads\/D\u00e9coupage-des-Taches.jpg 639w, https:\/\/www.hl-process.com\/wp-content\/uploads\/D\u00e9coupage-des-Taches-300x231.jpg 300w\" sizes=\"(max-width: 392px) 100vw, 392px\" \/><\/div>\n<h4><\/h4>\n<hr \/>\n<h4><span style=\"text-decoration: underline;\"><b><span style=\"color: #3366ff; text-decoration: underline;\">Diagramme des Responsabilit\u00e9s :<\/span>\u00a0<\/b><\/span><\/h4>\n<h6>OBS &#8211;\u00a0<span style=\"font-style: italic;\">Organization<\/span><span style=\"font-style: italic;\"> Breakdown Structure<\/span><\/h6>\n<p><img loading=\"lazy\" decoding=\"async\" class=\"alignnone wp-image-599\" src=\"http:\/\/hl-process.com\/wp-content\/uploads\/Responsabilit\u00e9s.jpg\" alt=\"Responsabilit\u00e9s\" width=\"360\" height=\"275\" data-id=\"599\" srcset=\"https:\/\/www.hl-process.com\/wp-content\/uploads\/Responsabilit\u00e9s.jpg 597w, https:\/\/www.hl-process.com\/wp-content\/uploads\/Responsabilit\u00e9s-300x229.jpg 300w\" sizes=\"(max-width: 360px) 100vw, 360px\" \/><\/p>\n<h4><\/h4>\n<hr \/>\n<h4><span style=\"text-decoration: underline;\"><span style=\"color: #3366ff; text-decoration: underline;\">La Matrice R.A.C.I. :<\/span><\/span><\/h4>\n<h6><b>R<\/b> = R\u00e9alisateur \u00a0 \u00a0<b>A<\/b> = Autorit\u00e9 \u00a0 \u00a0<b>C<\/b> = Consult\u00e9 \u00a0 \u00a0\u00a0<b>I<\/b> = Inform\u00e9<\/h6>\n<p><img loading=\"lazy\" decoding=\"async\" class=\"alignnone wp-image-600\" src=\"http:\/\/hl-process.com\/wp-content\/uploads\/RACI.jpg\" alt=\"RACI\" width=\"430\" height=\"358\" data-id=\"600\" srcset=\"https:\/\/www.hl-process.com\/wp-content\/uploads\/RACI.jpg 527w, https:\/\/www.hl-process.com\/wp-content\/uploads\/RACI-300x249.jpg 300w\" sizes=\"(max-width: 430px) 100vw, 430px\" \/><\/p>\n<h4><\/h4>\n<hr \/>\n<h4><span style=\"text-decoration: underline;\"><span style=\"color: #3366ff; text-decoration: underline;\">Diagramme de PERT :<\/span><\/span><\/h4>\n<h6><span style=\"color: #333333;\">D\u00e9termination du chemin critique (fl\u00e8ches <span style=\"color: #ff0000;\">rouges<\/span>)<\/span><\/h6>\n<p><img loading=\"lazy\" decoding=\"async\" class=\"alignnone wp-image-994 size-full\" src=\"http:\/\/hl-process.com\/wp-content\/uploads\/img_276.png\" alt=\"img_276\" width=\"470\" height=\"216\" data-id=\"994\" srcset=\"https:\/\/www.hl-process.com\/wp-content\/uploads\/img_276.png 470w, https:\/\/www.hl-process.com\/wp-content\/uploads\/img_276-300x137.png 300w\" sizes=\"(max-width: 470px) 100vw, 470px\" \/><\/p>\n<hr \/>\n<h4><span style=\"text-decoration: underline;\"><span style=\"color: #3366ff; text-decoration: underline;\">Diagramme de GANTT :<\/span><\/span><\/h4>\n<h6><span style=\"color: #333333;\">Gestion du temps et des ressources<\/span><\/h6>\n<p><img loading=\"lazy\" decoding=\"async\" class=\"alignnone\" src=\"http:\/\/www.acheteur-responsable.com\/wp-content\/uploads\/2012\/02\/gantr.png\" alt=\"\" width=\"692\" height=\"335\" \/><\/p>\n<h4><\/h4>\n<hr \/>\n<h4><span style=\"text-decoration: underline;\"><span style=\"color: #3366ff; text-decoration: underline;\">Gestion des Risques :<\/span><\/span><\/h4>\n<p><img loading=\"lazy\" decoding=\"async\" class=\"alignnone wp-image-590\" src=\"http:\/\/hl-process.com\/wp-content\/uploads\/Gestion-des-Risques.png\" alt=\"\" width=\"500\" height=\"211\" srcset=\"https:\/\/www.hl-process.com\/wp-content\/uploads\/Gestion-des-Risques.png 957w, https:\/\/www.hl-process.com\/wp-content\/uploads\/Gestion-des-Risques-300x126.png 300w\" sizes=\"(max-width: 500px) 100vw, 500px\" \/><\/p>\n<hr \/>\n<p><img loading=\"lazy\" decoding=\"async\" class=\"aligncenter wp-image-606 size-full\" src=\"http:\/\/hl-process.com\/wp-content\/uploads\/Creative-Commons.jpg\" alt=\"Creative Commons\" width=\"135\" height=\"57\" data-id=\"606\" \/><\/p>","protected":false},"excerpt":{"rendered":"<p>La \u00ab\u00a0Gestion de Projet\u00a0\u00bb est une d\u00e9marche visant \u00e0 organiser, de bout en bout, le bon d\u00e9roulement d\u2019un projet Quelques Concepts : \u00a0\u00a0 \u00a0 \u00a0 \u00a0\u00a0 \u00a0 \u00a0 \u00a0 \u00a0\u00a0 Le Paradoxe de la Gestion de Projet : En d\u00e9but de projet, marge de man\u0153uvre importante. En fin de projet, on sait ce qu\u2019il aurait [&hellip;]<\/p>\n","protected":false},"author":1,"featured_media":0,"parent":0,"menu_order":0,"comment_status":"closed","ping_status":"open","template":"","meta":{"footnotes":""},"_links":{"self":[{"href":"https:\/\/www.hl-process.com\/fr\/wp-json\/wp\/v2\/pages\/575"}],"collection":[{"href":"https:\/\/www.hl-process.com\/fr\/wp-json\/wp\/v2\/pages"}],"about":[{"href":"https:\/\/www.hl-process.com\/fr\/wp-json\/wp\/v2\/types\/page"}],"author":[{"embeddable":true,"href":"https:\/\/www.hl-process.com\/fr\/wp-json\/wp\/v2\/users\/1"}],"replies":[{"embeddable":true,"href":"https:\/\/www.hl-process.com\/fr\/wp-json\/wp\/v2\/comments?post=575"}],"version-history":[{"count":57,"href":"https:\/\/www.hl-process.com\/fr\/wp-json\/wp\/v2\/pages\/575\/revisions"}],"predecessor-version":[{"id":1031,"href":"https:\/\/www.hl-process.com\/fr\/wp-json\/wp\/v2\/pages\/575\/revisions\/1031"}],"wp:attachment":[{"href":"https:\/\/www.hl-process.com\/fr\/wp-json\/wp\/v2\/media?parent=575"}],"curies":[{"name":"wp","href":"https:\/\/api.w.org\/{rel}","templated":true}]}}