{"id":290,"date":"2014-01-19T23:16:10","date_gmt":"2014-01-19T22:16:10","guid":{"rendered":"http:\/\/hl-process.com\/wp\/?page_id=290"},"modified":"2021-08-23T14:00:43","modified_gmt":"2021-08-23T12:00:43","slug":"mes-experiences-professionnelles","status":"publish","type":"page","link":"https:\/\/www.hl-process.com\/fr\/mes-experiences-professionnelles\/","title":{"rendered":"Mes Exp\u00e9riences Professionnelles"},"content":{"rendered":"<p><script>\/\/ <![CDATA[ (function(i,s,o,g,r,a,m){i['GoogleAnalyticsObject']=r;i[r]=i[r]||function(){ (i[r].q=i[r].q||[]).push(arguments)},i[r].l=1*new Date();a=s.createElement(o), m=s.getElementsByTagName(o)[0];a.async=1;a.src=g;m.parentNode.insertBefore(a,m) })(window,document,'script','\/\/www.google-analytics.com\/analytics.js','ga'); ga('create', 'UA-61218157-1', 'auto'); ga('send', 'pageview'); \/\/ ]]><\/script><\/p>\n<p>Dans les contextes les plus divers, depuis 1994, j&rsquo;ai g\u00e9r\u00e9 des Projets dans le monde entier.<\/p>\n<h6 style=\"text-align: left; padding-left: 120px;\"><span style=\"color: #3366ff;\">Zoomer sur cette carte vous donnera plus de d\u00e9tails :<\/span><\/h6>\n<p><iframe loading=\"lazy\" src=\"https:\/\/www.google.com\/maps\/d\/embed?mid=1FZSb7CNSPp_yR2OmoaRpo78e-Ps\" width=\"640\" height=\"480\"><\/iframe><\/p>\n<p><strong>J&rsquo;ai travaill\u00e9 pour diff\u00e9rentes entreprises ayant pour points communs :<\/strong><\/p>\n<ul>\n<li><strong>l&rsquo;agro-alimentaire,<\/strong><\/li>\n<li><strong>la conception et la r\u00e9alisation de ligne de production,<\/strong><\/li>\n<li><strong>une\u00a0orientation \u00ab\u00a0export\u00a0\u00bb.<\/strong><\/li>\n<\/ul>\n<h5><\/h5>\n<p><strong>Voici ces entreprises\u00a0:<\/strong><\/p>\n<hr \/>\n<p><a href=\"http:\/\/www.pierreguerin.fr\" target=\"_blank\" rel=\"noopener noreferrer\"><img loading=\"lazy\" decoding=\"async\" class=\"alignnone wp-image-245 size-full\" src=\"http:\/\/hl-process.com\/wp-content\/uploads\/Doc_0001-e1390590023726.jpg\" alt=\"Doc_0001\" width=\"235\" height=\"152\" data-id=\"245\" \/><\/a>\u00a0 \u00a0<img loading=\"lazy\" decoding=\"async\" class=\" wp-image-244 alignnone\" src=\"http:\/\/hl-process.com\/wp-content\/uploads\/21.05.2012-CSA_main-e1390589454337.jpg\" alt=\"Cuves de Stockage\" width=\"158\" height=\"210\" data-id=\"244\" \/>\u00a0\u00a0<img loading=\"lazy\" decoding=\"async\" class=\"alignnone wp-image-246\" src=\"http:\/\/hl-process.com\/wp-content\/uploads\/EOLE45_main-e1390590249206.jpg\" alt=\"EOLE\" width=\"158\" height=\"210\" data-id=\"246\" \/>\u00a0\u00a0<img loading=\"lazy\" decoding=\"async\" class=\"alignnone wp-image-248\" src=\"http:\/\/hl-process.com\/wp-content\/uploads\/NEPTUNE_main-e1390149871898.jpg\" alt=\"NEPTUNE_main\" width=\"158\" height=\"210\" data-id=\"248\" \/><\/p>\n<p><a title=\"PIERRE GUERIN\" href=\"http:\/\/www.pierreguerin.fr\" target=\"_blank\" rel=\"noopener noreferrer\"><strong>PIERRE GUERIN<\/strong><\/a> propose des solutions globales d&rsquo;\u00e9quipements dans les industries biotechnologiques, pharmaceutiques, cosm\u00e9tiques et alimentaires: cuves inox, fermenteurs industriels, cuve \u00e0 vin, cuve \u00e0 fromage, cuiseur m\u00e9langeur, bior\u00e9acteurs, station de nettoyage en place et autres produits industriels innovants.\u00a0<a title=\"PIERRE GUERIN\" href=\"http:\/\/www.pierreguerin.fr\/fr\" target=\"_blank\" rel=\"noopener noreferrer\">www.pierreguerin.fr<\/a><\/p>\n<hr \/>\n<p><a href=\"http:\/\/www.tecnal.fr\" target=\"_blank\" rel=\"noopener noreferrer\"><img loading=\"lazy\" decoding=\"async\" class=\"alignnone wp-image-217 size-full\" src=\"http:\/\/hl-process.com\/wp-content\/uploads\/TECNAL-Logo-e1390591820332.jpg\" alt=\"TECNAL Logo\" width=\"235\" height=\"93\" data-id=\"217\" \/><\/a>\u00a0\u00a0\u00a0<img loading=\"lazy\" decoding=\"async\" class=\"size-full wp-image-266 alignnone\" src=\"http:\/\/hl-process.com\/wp-content\/uploads\/TECNAL-01-001-e1390591464696.jpg\" alt=\"TECNAL 01-001\" width=\"140\" height=\"210\" data-id=\"266\" \/>\u00a0\u00a0<img loading=\"lazy\" decoding=\"async\" class=\"size-full wp-image-265 alignnone\" style=\"font-size: 14px;\" src=\"http:\/\/hl-process.com\/wp-content\/uploads\/H442-Bel-sabl\u00e9-robot-d\u00e9casquettage-4-1-051-e1390591440521.jpg\" alt=\"H442 Bel sabl\u00e9 robot d\u00e9casquettage (4) 1 051\" width=\"140\" height=\"210\" data-id=\"265\" \/>\u00a0\u00a0<img loading=\"lazy\" decoding=\"async\" class=\"alignnone size-full wp-image-264\" style=\"font-size: 14px;\" src=\"http:\/\/hl-process.com\/wp-content\/uploads\/DSC00721-e1390591410141.jpg\" alt=\"DSC00721\" width=\"140\" height=\"210\" data-id=\"264\" \/><\/p>\n<p><a title=\"TECNAL\" href=\"http:\/\/www.tecnal.fr\" target=\"_blank\" rel=\"noopener noreferrer\"><strong>TECNAL<\/strong> <\/a>est un constructeur d&rsquo;\u00e9quipements pour l&rsquo;industrie laiti\u00e8re et fromag\u00e8re, et notamment sp\u00e9cialis\u00e9 dans la m\u00e9canisation des fromageries \u00e0 p\u00e2tes molles (type Camembert). <a title=\"TECNAL\" href=\"http:\/\/www.tecnal.fr\/\" target=\"_blank\" rel=\"noopener noreferrer\">www.tecnal.fr<\/a><\/p>\n<hr \/>\n<p><a href=\"http:\/\/www.tecnal.fr\/caseine.htm\" target=\"_blank\" rel=\"noopener noreferrer\"><img loading=\"lazy\" decoding=\"async\" class=\"alignnone wp-image-218 size-full\" src=\"http:\/\/hl-process.com\/wp-content\/uploads\/PILLET-Logo-e1390591797488.jpg\" alt=\"PILLET Logo\" width=\"235\" height=\"60\" data-id=\"218\" \/><\/a>\u00a0 \u00a0<img loading=\"lazy\" decoding=\"async\" class=\" wp-image-221 alignnone\" style=\"font-size: 14px;\" title=\"Tube de Coagulation PILLET\" src=\"http:\/\/hl-process.com\/wp-content\/uploads\/E303-118-e1390591774399.jpg\" alt=\"\" width=\"158\" height=\"210\" data-id=\"221\" \/>\u00a0\u00a0<img loading=\"lazy\" decoding=\"async\" class=\" wp-image-223 alignnone\" style=\"font-size: 14px;\" title=\"Lavage Caill\u00e9\" src=\"http:\/\/hl-process.com\/wp-content\/uploads\/E506-1018-e1390591712880.jpg\" alt=\"Caill\u00e9 pr\u00e9sure\" width=\"158\" height=\"210\" data-id=\"223\" \/>\u00a0\u00a0<img loading=\"lazy\" decoding=\"async\" class=\" wp-image-222 alignnone\" style=\"font-size: 14px;\" title=\"S\u00e9choir Cas\u00e9ine PILLET\" src=\"http:\/\/hl-process.com\/wp-content\/uploads\/C406-0012-e1390591732271.jpg\" alt=\"S\u00e9choir PILLET\" width=\"158\" height=\"210\" data-id=\"222\" \/><\/p>\n<p><a title=\"PILLET\" href=\"http:\/\/www.tecnal.fr\/caseine.htm\" target=\"_blank\" rel=\"noopener noreferrer\"><strong>PILLET<\/strong> <\/a>est la r\u00e9f\u00e9rence mondiale dans les process \u00ab\u00a0<a title=\"Cas\u00e9ines et Cas\u00e9inates\" href=\"http:\/\/hl-process.com\/caseines-et-caseinates\/\">Cas\u00e9ines et Cas\u00e9inates<\/a>\u00ab\u00a0. Cette entreprise a int\u00e9gr\u00e9 TECNAL en 1996. <a title=\"TECNAL PILLET\" href=\"http:\/\/www.tecnal.fr\/caseine.htm\" target=\"_blank\" rel=\"noopener noreferrer\">www.tecnal.fr\/caseine.htm<\/a><\/p>\n<hr \/>\n<p><span style=\"color: #ffffff;\">&#8212;<\/span><a href=\"http:\/\/www.alpes-is.com\" target=\"_blank\" rel=\"noopener noreferrer\"><img loading=\"lazy\" decoding=\"async\" class=\"alignnone\" src=\"http:\/\/hl-process.com\/wp-content\/uploads\/alpes.gif\" alt=\"alpes\" width=\"163\" height=\"113\" \/><\/a>\u00a0 \u00a0 \u00a0 \u00a0 \u00a0 \u00a0 \u00a0 \u00a0<img loading=\"lazy\" decoding=\"async\" class=\"alignnone wp-image-278 size-full\" src=\"http:\/\/hl-process.com\/wp-content\/uploads\/juice_pasteuriserbig1-e1390590176229.jpg\" alt=\"juice_pasteuriserbig\" width=\"220\" height=\"210\" data-id=\"278\" \/>\u00a0\u00a0<img loading=\"lazy\" decoding=\"async\" class=\"alignnone wp-image-277 size-full\" src=\"http:\/\/hl-process.com\/wp-content\/uploads\/Industrial_tiles-big1-e1390590201552.jpg\" alt=\"Industrial_tiles-big\" width=\"202\" height=\"210\" data-id=\"277\" \/><\/p>\n<p><a title=\"AIS\" href=\"http:\/\/www.alpes-is.com\" target=\"_blank\" rel=\"noopener noreferrer\"><strong>ALPES INDUSTRIES SERVICES<\/strong><\/a> est une soci\u00e9t\u00e9 sp\u00e9cialis\u00e9e dans la vente d&rsquo;\u00e9quipements et d&rsquo;unit\u00e9s \u00ab\u00a0cl\u00e9 en main\u00a0\u00bb \u00e0 l&rsquo;export (laiterie, jus de fruits et eau min\u00e9rale).\u00a0<a title=\"Alpes Industries Services\" href=\"http:\/\/www.alpes-is.com\/\" target=\"_blank\" rel=\"noopener noreferrer\">www.alpes-is.com<\/a><\/p>\n<hr \/>\n<p><img loading=\"lazy\" decoding=\"async\" class=\"alignnone wp-image-252 size-full\" src=\"http:\/\/hl-process.com\/wp-content\/uploads\/Doc-e1390592301763.jpg\" alt=\"Doc\" width=\"235\" height=\"85\" data-id=\"252\" \/>\u00a0\u00a0 <img loading=\"lazy\" decoding=\"async\" class=\"alignnone wp-image-253 size-full\" src=\"http:\/\/hl-process.com\/wp-content\/uploads\/GBK_0002-e1390592337394.jpg\" alt=\"GBK_0002\" width=\"142\" height=\"210\" data-id=\"253\" \/>\u00a0 <img loading=\"lazy\" decoding=\"async\" class=\"alignnone wp-image-254 size-full\" src=\"http:\/\/hl-process.com\/wp-content\/uploads\/SEDCO_0005-e1390592362874.jpg\" alt=\"SEDCO_0005\" width=\"140\" height=\"210\" data-id=\"254\" \/>\u00a0 <img loading=\"lazy\" decoding=\"async\" class=\"alignnone wp-image-255 size-full\" src=\"http:\/\/hl-process.com\/wp-content\/uploads\/Tiup_0007-e1390592396938.jpg\" alt=\"Tiup_0007\" width=\"139\" height=\"210\" data-id=\"255\" \/><\/p>\n<p><strong>ACTIMONDE<\/strong> \u00e9tait une filiale d&rsquo;<a title=\"ACTINI\" href=\"http:\/\/www.actini.com\/fr\/actini\/\" target=\"_blank\" rel=\"noopener noreferrer\"><strong>ACTINI<\/strong><\/a>, sp\u00e9cialis\u00e9e dans la r\u00e9alisation de laiterie \u00ab\u00a0cl\u00e9 en main\u00a0\u00bb sur l&rsquo;export.<br \/>\n<a title=\"ACTINI\" href=\"http:\/\/www.actini.com\/fr\/actini\/\" target=\"_blank\" rel=\"noopener noreferrer\"><strong>ACTINI<\/strong><\/a>, historiquement constructeur d&rsquo;\u00e9changeur tubulaire aseptique, est aujourd&rsquo;hui tr\u00e8s actif dans les domaines\u00a0de\u00a0la d\u00e9contamination d&rsquo;effluents en continu\u00a0et dans les lignes de traitement d&rsquo;ovoproduits.\u00a0<a href=\"http:\/\/www.actini.com\/fr\/actini\/\" target=\"_blank\" rel=\"noopener noreferrer\"><span style=\"color: #ff0000;\"><span style=\"color: #ff0000;\">www.actini<span style=\"color: #ff0000;\">.<\/span><\/span>com<\/span><\/a><\/p>\n<hr \/>\n<p><strong><a title=\"Qui suis-je ?\" href=\"http:\/\/www.hl-process.com\/fr\/qui-suis-je\/\"><span style=\"color: #ff0000;\"><span style=\"text-decoration: underline;\">Qui suis-je ?<\/span> \u00a0&gt;&gt;<\/span><\/a><\/strong><\/p>\n<p><span style=\"color: #ff0000;\"><strong><em><a title=\"Ma Formation\" href=\"http:\/\/www.hl-process.com\/fr\/ma-formation\/\"><span style=\"color: #ff0000;\"><span style=\"text-decoration: underline;\">Ma formation<\/span> \u00a0&gt;&gt;<\/span><\/a><\/em><\/strong><\/span><\/p>","protected":false},"excerpt":{"rendered":"<p>Dans les contextes les plus divers, depuis 1994, j&rsquo;ai g\u00e9r\u00e9 des Projets dans le monde entier. Zoomer sur cette carte vous donnera plus de d\u00e9tails : J&rsquo;ai travaill\u00e9 pour diff\u00e9rentes entreprises ayant pour points communs : l&rsquo;agro-alimentaire, la conception et la r\u00e9alisation de ligne de production, une\u00a0orientation \u00ab\u00a0export\u00a0\u00bb. Voici ces entreprises\u00a0: \u00a0 \u00a0\u00a0\u00a0\u00a0\u00a0 PIERRE GUERIN [&hellip;]<\/p>\n","protected":false},"author":1,"featured_media":0,"parent":0,"menu_order":0,"comment_status":"closed","ping_status":"open","template":"","meta":{"footnotes":""},"_links":{"self":[{"href":"https:\/\/www.hl-process.com\/fr\/wp-json\/wp\/v2\/pages\/290"}],"collection":[{"href":"https:\/\/www.hl-process.com\/fr\/wp-json\/wp\/v2\/pages"}],"about":[{"href":"https:\/\/www.hl-process.com\/fr\/wp-json\/wp\/v2\/types\/page"}],"author":[{"embeddable":true,"href":"https:\/\/www.hl-process.com\/fr\/wp-json\/wp\/v2\/users\/1"}],"replies":[{"embeddable":true,"href":"https:\/\/www.hl-process.com\/fr\/wp-json\/wp\/v2\/comments?post=290"}],"version-history":[{"count":68,"href":"https:\/\/www.hl-process.com\/fr\/wp-json\/wp\/v2\/pages\/290\/revisions"}],"predecessor-version":[{"id":1212,"href":"https:\/\/www.hl-process.com\/fr\/wp-json\/wp\/v2\/pages\/290\/revisions\/1212"}],"wp:attachment":[{"href":"https:\/\/www.hl-process.com\/fr\/wp-json\/wp\/v2\/media?parent=290"}],"curies":[{"name":"wp","href":"https:\/\/api.w.org\/{rel}","templated":true}]}}