{"id":214,"date":"2014-01-18T14:38:40","date_gmt":"2014-01-18T13:38:40","guid":{"rendered":"http:\/\/hl-process.com\/wp\/?page_id=214"},"modified":"2019-02-02T16:07:27","modified_gmt":"2019-02-02T15:07:27","slug":"qui-suis-je","status":"publish","type":"page","link":"https:\/\/www.hl-process.com\/fr\/qui-suis-je\/","title":{"rendered":"Qui suis-je ?"},"content":{"rendered":"<p><script>\/\/ <![CDATA[ (function(i,s,o,g,r,a,m){i['GoogleAnalyticsObject']=r;i[r]=i[r]||function(){ (i[r].q=i[r].q||[]).push(arguments)},i[r].l=1*new Date();a=s.createElement(o), m=s.getElementsByTagName(o)[0];a.async=1;a.src=g;m.parentNode.insertBefore(a,m) })(window,document,'script','\/\/www.google-analytics.com\/analytics.js','ga'); ga('create', 'UA-61218157-1', 'auto'); ga('send', 'pageview'); \/\/ ]]><\/script><\/p>\n<p><img loading=\"lazy\" decoding=\"async\" class=\"Herv\u00e9 LEVRAGUE 4 alignnone wp-image-955\" src=\"http:\/\/hl-process.com\/wp-content\/uploads\/P1010899.jpg\" alt=\"Herv\u00e9 LEVRAGUE 2\" width=\"669\" height=\"400\" data-id=\"955\" srcset=\"https:\/\/www.hl-process.com\/wp-content\/uploads\/P1010899.jpg 800w, https:\/\/www.hl-process.com\/wp-content\/uploads\/P1010899-300x179.jpg 300w\" sizes=\"(max-width: 669px) 100vw, 669px\" \/><\/p>\n<h4 style=\"text-align: left;\"><span style=\"color: #000000;\"><strong>Herv\u00e9 LEVRAGUE<\/strong> &#8211;\u00a0<\/span>Ing\u00e9nieur Agroalimentaire &#8211; 51 ans<\/h4>\n<h4>Expert en gestion des projets agroalimentaires \u00e0 l&rsquo;international.<\/h4>\n<hr \/>\n<h3>J&rsquo;apporte un soutien technique aux entreprises ayant besoin de renforts ponctuels, depuis les \u00e9tudes jusqu&rsquo;\u00e0 la mise en service des lignes de production, en France comme \u00e0 l&rsquo;export.<\/h3>\n<hr \/>\n<p><a href=\"http:\/\/fr.linkedin.com\/in\/hlprocess\"><img loading=\"lazy\" decoding=\"async\" class=\"alignnone\" src=\"https:\/\/static.licdn.com\/scds\/common\/u\/img\/webpromo\/btn_myprofile_160x33_fr_FR.png?locale=\" alt=\"Voir le profil de Herv\u00e9 LEVRAGUE sur LinkedIn\" width=\"160\" height=\"33\" border=\"0\" \/><\/a><\/p>\n<p><a title=\"Mes Exp\u00e9riences Professionnelles\" href=\"http:\/\/www.hl-process.com\/fr\/mes-experiences-professionnelles\/\"><span style=\"text-decoration: underline;\"><strong><span style=\"color: #ff0000; text-decoration: underline;\"><em><span style=\"color: #ff0000; text-decoration: underline;\">Mes exp\u00e9riences professionnelles<\/span><\/em><\/span><\/strong><\/span><strong><span style=\"color: #ff0000;\"><em><span style=\"color: #ff0000;\"> \u00a0&gt;&gt;\u00a0<\/span><\/em><\/span><\/strong><\/a><br \/>\n<a title=\"Ma Formation\" href=\"http:\/\/www.hl-process.com\/fr\/ma-formation\/\"><span style=\"text-decoration: underline;\"><strong><span style=\"color: #ff0000; text-decoration: underline;\"><em><span style=\"color: #ff0000; text-decoration: underline;\">Ma formation<\/span><\/em><\/span><\/strong><\/span><strong><span style=\"color: #ff0000;\"><em><span style=\"color: #ff0000;\"> \u00a0&gt;&gt;<\/span><\/em><\/span><\/strong><\/a><\/p>\n<hr \/>\n<h3 style=\"text-align: left;\"><span style=\"color: #ff0000;\">LES DIFF\u00c9RENTS ASPECTS\u00a0DE LA\u00a0GESTION DE PROJET :<\/span><\/h3>\n<h4><span style=\"color: #3366ff;\"><strong>ETUDES :<\/strong><\/span><\/h4>\n<ul>\n<li><strong>P&amp;ID et plans d&rsquo;implantation.<\/strong><\/li>\n<li><strong>Analyses fonctionnelles.<\/strong><\/li>\n<li><strong>R\u00e9alisation\u00a0du planning (Gantt).<\/strong><\/li>\n<\/ul>\n<h4><span style=\"color: #3366ff;\">R\u00c9ALISATION<\/span><strong style=\"color: #3366ff;\">\u00a0:<\/strong><\/h4>\n<ul>\n<li><strong>Coordination des bureaux d\u2019\u00e9tudes, des ressources internes et externes.<\/strong><\/li>\n<li><strong>Choix des composants et consultations des fournisseurs.<\/strong><\/li>\n<li><strong>R\u00e9daction des cahiers des charges, choix des sous-traitants.<\/strong><\/li>\n<li><strong>Ma\u00eetrise du planning, suivi des r\u00e9alisations.<\/strong><\/li>\n<li><strong>Management transversal des personnes d\u00e9tach\u00e9es sur les projets.<\/strong><\/li>\n<li><strong>Suivi de la logistique, du montage et de la mise en service.<\/strong><\/li>\n<li><strong>Organisation des FAT, SAT et R\u00e9ceptions.<\/strong><\/li>\n<li><strong>Formation du personnel.<\/strong><\/li>\n<\/ul>\n<h4><span style=\"color: #3366ff;\"><strong>ASPECTS FINANCIERS :<\/strong><\/span><\/h4>\n<ul>\n<li><strong>Ma\u00eetrise des budgets.<\/strong><\/li>\n<li><strong>Contr\u00f4le, optimisation et anticipation des co\u00fbts.<\/strong><\/li>\n<\/ul>\n<h4><span style=\"color: #3366ff;\"><strong>ASPECTS COMMERCIAUX :<\/strong><\/span><\/h4>\n<ul>\n<li><strong>Interface Client \/\u00a0Fournisseur.<\/strong><\/li>\n<li><strong>Suivi du contrat.<\/strong><\/li>\n<li><strong>Chiffrage et n\u00e9gociation des avenants.<\/strong><\/li>\n<\/ul>\n<p>Plus d&rsquo;informations sur la <a title=\"Gestion de Projet\" href=\"http:\/\/www.hl-process.com\/fr\/gestion-de-projet\/\"><strong><span style=\"color: #ff0000;\"><span style=\"text-decoration: underline;\">Gestion de Projet<\/span> &gt;&gt;<\/span><\/strong><\/a><\/p>\n<div id=\"attachment_467\" style=\"width: 444px\" class=\"wp-caption alignleft\"><img loading=\"lazy\" decoding=\"async\" aria-describedby=\"caption-attachment-467\" class=\" wp-image-467 size-full\" src=\"http:\/\/hl-process.com\/wp-content\/uploads\/diagramme-de-gantt-Pr\u00e9paration-d-un-salon-e1390594449463.jpg\" alt=\"Diagramme de Gant\" width=\"434\" height=\"300\" data-id=\"467\" \/><p id=\"caption-attachment-467\" class=\"wp-caption-text\">Diagramme de Gant<\/p><\/div>\n<p><\/p>","protected":false},"excerpt":{"rendered":"<p>Herv\u00e9 LEVRAGUE &#8211;\u00a0Ing\u00e9nieur Agroalimentaire &#8211; 51 ans Expert en gestion des projets agroalimentaires \u00e0 l&rsquo;international. J&rsquo;apporte un soutien technique aux entreprises ayant besoin de renforts ponctuels, depuis les \u00e9tudes jusqu&rsquo;\u00e0 la mise en service des lignes de production, en France comme \u00e0 l&rsquo;export. Mes exp\u00e9riences professionnelles \u00a0&gt;&gt;\u00a0 Ma formation \u00a0&gt;&gt; LES DIFF\u00c9RENTS ASPECTS\u00a0DE LA\u00a0GESTION DE [&hellip;]<\/p>\n","protected":false},"author":1,"featured_media":0,"parent":0,"menu_order":0,"comment_status":"closed","ping_status":"open","template":"","meta":{"footnotes":""},"_links":{"self":[{"href":"https:\/\/www.hl-process.com\/fr\/wp-json\/wp\/v2\/pages\/214"}],"collection":[{"href":"https:\/\/www.hl-process.com\/fr\/wp-json\/wp\/v2\/pages"}],"about":[{"href":"https:\/\/www.hl-process.com\/fr\/wp-json\/wp\/v2\/types\/page"}],"author":[{"embeddable":true,"href":"https:\/\/www.hl-process.com\/fr\/wp-json\/wp\/v2\/users\/1"}],"replies":[{"embeddable":true,"href":"https:\/\/www.hl-process.com\/fr\/wp-json\/wp\/v2\/comments?post=214"}],"version-history":[{"count":93,"href":"https:\/\/www.hl-process.com\/fr\/wp-json\/wp\/v2\/pages\/214\/revisions"}],"predecessor-version":[{"id":1118,"href":"https:\/\/www.hl-process.com\/fr\/wp-json\/wp\/v2\/pages\/214\/revisions\/1118"}],"wp:attachment":[{"href":"https:\/\/www.hl-process.com\/fr\/wp-json\/wp\/v2\/media?parent=214"}],"curies":[{"name":"wp","href":"https:\/\/api.w.org\/{rel}","templated":true}]}}