{"id":287,"date":"2014-01-19T23:15:30","date_gmt":"2014-01-19T22:15:30","guid":{"rendered":"http:\/\/hl-process.com\/wp\/?page_id=287"},"modified":"2015-03-26T19:04:08","modified_gmt":"2015-03-26T18:04:08","slug":"ma-formation","status":"publish","type":"page","link":"https:\/\/www.hl-process.com\/en\/ma-formation\/","title":{"rendered":"<!--:fr-->Ma Formation<!--:--><!--:en-->My Training<!--:-->"},"content":{"rendered":"<p>[:fr]<script>\/\/ <![CDATA[\n(function(i,s,o,g,r,a,m){i['GoogleAnalyticsObject']=r;i[r]=i[r]||function(){   (i[r].q=i[r].q||[]).push(arguments)},i[r].l=1*new Date();a=s.createElement(o),   m=s.getElementsByTagName(o)[0];a.async=1;a.src=g;m.parentNode.insertBefore(a,m)   })(window,document,'script','\/\/www.google-analytics.com\/analytics.js','ga');   ga('create', 'UA-61218157-1', 'auto');   ga('send', 'pageview');\n\/\/ ]]><\/script><\/p>\n<h3><a href=\"http:\/\/mooc.gestiondeprojet.pm\/\" target=\"_blank\">2014 &#8211; MOOC &#8211; Gestion de Projet<\/a><\/h3>\n<p><strong>Formation assur\u00e9e par l&rsquo;Ecole Centrale de Lille.<\/strong><\/p>\n<h6>MOOC = Massive Open Online Course (<em>Cours en Ligne Ouvert et Massif<\/em>)<\/h6>\n<p><img loading=\"lazy\" decoding=\"async\" class=\"alignleft wp-image-569\" src=\"http:\/\/hl-process.com\/wp-content\/uploads\/MOOC-01.jpg\" alt=\"MOOC 01\" width=\"441\" height=\"165\" data-id=\"569\" srcset=\"https:\/\/www.hl-process.com\/wp-content\/uploads\/MOOC-01.jpg 664w, https:\/\/www.hl-process.com\/wp-content\/uploads\/MOOC-01-300x112.jpg 300w\" sizes=\"auto, (max-width: 441px) 100vw, 441px\" \/><img loading=\"lazy\" decoding=\"async\" class=\"alignnone  wp-image-584\" src=\"http:\/\/hl-process.com\/wp-content\/uploads\/nuage-de-mots-cle2-e1400968299477.png\" alt=\"nuage de mots cle2\" width=\"323\" height=\"179\" data-id=\"584\" srcset=\"https:\/\/www.hl-process.com\/wp-content\/uploads\/nuage-de-mots-cle2-e1400968299477.png 435w, https:\/\/www.hl-process.com\/wp-content\/uploads\/nuage-de-mots-cle2-e1400968299477-300x166.png 300w\" sizes=\"auto, (max-width: 323px) 100vw, 323px\" \/><\/p>\n<p><a title=\"Badges\" href=\"https:\/\/backpack.openbadges.org\/share\/ddd4705d2084440b3270cd54ff4aa776\/\" target=\"_blank\">\u00a0<\/a><\/p>\n<p><a title=\"Badges\" href=\"https:\/\/backpack.openbadges.org\/share\/ddd4705d2084440b3270cd54ff4aa776\/\" target=\"_blank\">Badges certifi\u00e9s (Mozilla Backpack)<\/a> : \u00a0 \u00a0 \u00a0 \u00a0 \u00a0 \u00a0 \u00a0 \u00a0 \u00a0 \u00a0 \u00a0 \u00a0 \u00a0 \u00a0 \u00a0 \u00a0 \u00a0 \u00a0 \u00a0 \u00a0 \u00a0 \u00a0 \u00a0 \u00a0 \u00a0 \u00a0 \u00a0 \u00a0 \u00a0 \u00a0 \u00a0 \u00a0 \u00a0 \u00a0 \u00a0 \u00a0 \u00a0 \u00a0 \u00a0 \u00a0 \u00a0 \u00a0 \u00a0 \u00a0<span style=\"color: #ff0000;\"> \u00a0<span style=\"color: #000000;\">\u00a0Modules suppl\u00e9mentaires :<\/span><\/span><\/p>\n<p><img loading=\"lazy\" decoding=\"async\" src=\"https:\/\/unow-mooc.org\/courses\/36\/files\/32043\/preview?verifier=AbRsy8FPKOGyr9KxY3V6RBwWl9F11EOOuiQMX1Kw\" alt=\"badge_gdp_3_avance.png\" width=\"109\" height=\"112\" \/>\u00a0 \u00a0 \u00a0\u00a0<img loading=\"lazy\" decoding=\"async\" class=\"alignnone\" src=\"https:\/\/backpack.openbadges.org\/images\/badge\/12d150e7a6c26d2dba15dd4c3155ad8160cd375c284a232c13830e9cd1e3cd9b.png\" alt=\"\" width=\"90\" height=\"90\" \/>\u00a0\u00a0\u00a0<img loading=\"lazy\" decoding=\"async\" class=\"alignnone\" src=\"https:\/\/backpack.openbadges.org\/images\/badge\/c199630424274009601d28ba78943949f2592d6c7efca1542134e66b9bafb703.png\" alt=\"\" width=\"90\" height=\"90\" \/>\u00a0 \u00a0<img loading=\"lazy\" decoding=\"async\" class=\"alignnone\" src=\"https:\/\/backpack.openbadges.org\/images\/badge\/6e7b34a8ca5c5ab017b504aa8825985c9d2681a8465df20cae4e367efa459786.png\" alt=\"\" width=\"90\" height=\"90\" \/>\u00a0 \u00a0<img loading=\"lazy\" decoding=\"async\" class=\"alignnone\" src=\"https:\/\/backpack.openbadges.org\/images\/badge\/eafcc4057601cf4f137bcdc2ba1694f435872ef88b8ede1d6c75fab1d36eb4c1.png\" alt=\"\" width=\"90\" height=\"90\" \/>\u00a0 \u00a0 \u00a0 \u00a0 \u00a0 \u00a0 \u00a0\u00a0\u00a0\u00a0<img decoding=\"async\" src=\"https:\/\/backpack.openbadges.org\/images\/badge\/96527bfb2ad52191db248f4d025ef870113fa151feeb4f683db0ee475e12beca.png\" alt=\"\" \/>\u00a0\u00a0\u00a0<img decoding=\"async\" src=\"https:\/\/backpack.openbadges.org\/images\/badge\/1ab126b38572012dd5628aa5fb22c6380c4be33b31e79f9a82d5047caece065b.png\" alt=\"\" \/><\/p>\n<hr \/>\n<h4><\/h4>\n<h4><a href=\"http:\/\/www.supagro.fr\/\" target=\"_blank\"><img loading=\"lazy\" decoding=\"async\" class=\"alignnone wp-image-296\" src=\"http:\/\/hl-process.com\/wp-content\/uploads\/images-e1390593116233.jpg\" alt=\"images\" width=\"184\" height=\"73\" data-id=\"296\" \/><\/a><\/h4>\n<p><a title=\"SupAgro\" href=\"http:\/\/www.supagro.fr\/\" target=\"_blank\">www.supagro.fr<\/a><\/p>\n<h4>Anciennement\u00a0ESAT\/ENSIA\u00a0(Ecole Sup. d&rsquo;Agronomie Tropicale \/ Ecole Nationale Sup. des Industries Alimentaires) &#8211;\u00a0Montpellier<\/h4>\n<h5><span style=\"color: #000000;\">Dipl\u00f4me d&rsquo;Ing\u00e9nieur en Agronomie Tropicale &#8211;\u00a0Sp\u00e9cialisation : Technologies Agricoles et Alimentaires<\/span><\/h5>\n<h5><span style=\"color: #000000;\">Mention<\/span><\/h5>\n<hr \/>\n<h4><a href=\"http:\/\/www.agroparistech.fr\/Ecole-interne-ENGREF,708.html\" target=\"_blank\"><img loading=\"lazy\" decoding=\"async\" class=\"alignnone wp-image-297\" src=\"http:\/\/hl-process.com\/wp-content\/uploads\/mediadownload-300x79.jpg\" alt=\"mediadownload\" width=\"210\" height=\"55\" data-id=\"297\" srcset=\"https:\/\/www.hl-process.com\/wp-content\/uploads\/mediadownload-300x79.jpg 300w, https:\/\/www.hl-process.com\/wp-content\/uploads\/mediadownload.jpg 955w\" sizes=\"auto, (max-width: 210px) 100vw, 210px\" \/><\/a>\u00a0ENGREF Montpellier<\/h4>\n<p><a title=\"AgroParisTech\" href=\"http:\/\/www.agroparistech.fr\/Ecole-interne-ENGREF,708.html\" target=\"_blank\">www.agroparistech.fr<\/a><\/p>\n<h5><span style=\"color: #000000;\">Formation Foresti\u00e8re Sup\u00e9rieure R\u00e9gions Chaudes<\/span><\/h5>\n<h5><span style=\"color: #000000;\">Dipl\u00f4me de Sp\u00e9cialisation Post-Universitaire (DSPU)<\/span><\/h5>\n<h5><span style=\"color: #000000;\">Mention<\/span><\/h5>\n<hr \/>\n<h4><a style=\"font-family: inherit; color: #970505; text-decoration: underline; outline: #000000;\" href=\"http:\/\/unice.fr\/sciences\" target=\"_blank\"><img loading=\"lazy\" decoding=\"async\" class=\"alignnone wp-image-298\" src=\"http:\/\/hl-process.com\/wp-content\/uploads\/plone-logo-neg-tag.png\" alt=\"plone-logo-neg-tag\" width=\"113\" height=\"73\" data-id=\"298\" \/><\/a>Facult\u00e9 des Sciences Nice Sophia Antipolis<\/h4>\n<p><a title=\"Facult\u00e9 des Sciences - Nice\" href=\"http:\/\/unice.fr\/sciences\" target=\"_blank\">www.unice.fr\/sciences<\/a><\/p>\n<h5><span style=\"color: #000000;\"><strong>Licence et Ma\u00eetrise<\/strong> \u00ab\u00a0Biologie des Organismes et des Populations\u00a0\u00bb<\/span><\/h5>\n<hr \/>\n<p><a title=\"Qui suis-je ?\" href=\"http:\/\/www.hl-process.com\/fr\/qui-suis-je\/\"><strong><em><span style=\"text-decoration: underline;\">Qui suis-je ?<\/span> \u00a0&gt;&gt;\u00a0<\/em><\/strong><\/a><br \/>\n<strong><em><a title=\"Mes Exp\u00e9riences Professionnelles\" href=\"http:\/\/www.hl-process.com\/fr\/mes-experiences-professionnelles\/\"><span style=\"text-decoration: underline;\">Mes exp\u00e9riences professionnelles<\/span> \u00a0&gt;&gt;<\/a><\/em><\/strong>[:en]<script>\/\/ <![CDATA[\n(function(i,s,o,g,r,a,m){i['GoogleAnalyticsObject']=r;i[r]=i[r]||function(){   (i[r].q=i[r].q||[]).push(arguments)},i[r].l=1*new Date();a=s.createElement(o),   m=s.getElementsByTagName(o)[0];a.async=1;a.src=g;m.parentNode.insertBefore(a,m)   })(window,document,'script','\/\/www.google-analytics.com\/analytics.js','ga');   ga('create', 'UA-61218157-1', 'auto');   ga('send', 'pageview');\n\/\/ ]]><\/script><\/p>\n<h3><a href=\"http:\/\/mooc.gestiondeprojet.pm\/\" target=\"_blank\"><span style=\"color: #ff0000;\"><span style=\"color: #ff0000;\">2014 &#8211; MOOC &#8211;\u00a0P<\/span>roject Management<\/span><\/a><\/h3>\n<p><strong>Training realized by the Ecole Centrale de Lille.<\/strong><\/p>\n<h6>MOOC = Massive Open Online Course<\/h6>\n<p><img loading=\"lazy\" decoding=\"async\" class=\"alignleft wp-image-569\" src=\"http:\/\/hl-process.com\/wp-content\/uploads\/MOOC-01.jpg\" alt=\"MOOC 01\" width=\"454\" height=\"170\" data-id=\"569\" srcset=\"https:\/\/www.hl-process.com\/wp-content\/uploads\/MOOC-01.jpg 664w, https:\/\/www.hl-process.com\/wp-content\/uploads\/MOOC-01-300x112.jpg 300w\" sizes=\"auto, (max-width: 454px) 100vw, 454px\" \/><img loading=\"lazy\" decoding=\"async\" src=\"http:\/\/3.bp.blogspot.com\/-oHlNO8SXmFI\/T_sOkgOCfRI\/AAAAAAAAAAk\/tXVIe-ILbrg\/s1600\/11993181-project-management-concept-in-word-tag-cloud.jpg\" alt=\"\" width=\"350\" height=\"167\" \/><\/p>\n<p><a title=\"Badges\" href=\"https:\/\/backpack.openbadges.org\/share\/ddd4705d2084440b3270cd54ff4aa776\/\" target=\"_blank\">\u00a0<\/a><\/p>\n<p><a title=\"Badges\" href=\"https:\/\/backpack.openbadges.org\/share\/ddd4705d2084440b3270cd54ff4aa776\/\" target=\"_blank\">Certified badges (Mozilla Backpack)<\/a>: \u00a0 \u00a0 \u00a0 \u00a0 \u00a0 \u00a0 \u00a0 \u00a0 \u00a0 \u00a0 \u00a0 \u00a0 \u00a0 \u00a0 \u00a0 \u00a0 \u00a0 \u00a0 \u00a0 \u00a0 \u00a0 \u00a0 \u00a0 \u00a0 \u00a0 \u00a0 \u00a0 \u00a0 \u00a0 \u00a0 \u00a0 \u00a0 \u00a0 \u00a0 \u00a0 \u00a0 \u00a0 \u00a0 \u00a0 \u00a0 \u00a0 \u00a0 \u00a0 \u00a0<span style=\"color: #ff0000;\"> \u00a0<span style=\"color: #000000;\">\u00a0Additional Modules:<\/span><\/span><\/p>\n<p><img loading=\"lazy\" decoding=\"async\" src=\"https:\/\/unow-mooc.org\/courses\/36\/files\/32043\/preview?verifier=AbRsy8FPKOGyr9KxY3V6RBwWl9F11EOOuiQMX1Kw\" alt=\"badge_gdp_3_avance.png\" width=\"109\" height=\"112\" \/>\u00a0 \u00a0 \u00a0\u00a0<img loading=\"lazy\" decoding=\"async\" class=\"alignnone\" src=\"https:\/\/backpack.openbadges.org\/images\/badge\/12d150e7a6c26d2dba15dd4c3155ad8160cd375c284a232c13830e9cd1e3cd9b.png\" alt=\"\" width=\"90\" height=\"90\" \/>\u00a0\u00a0\u00a0<img decoding=\"async\" src=\"https:\/\/backpack.openbadges.org\/images\/badge\/c199630424274009601d28ba78943949f2592d6c7efca1542134e66b9bafb703.png\" alt=\"\" \/>\u00a0 \u00a0<img decoding=\"async\" src=\"https:\/\/backpack.openbadges.org\/images\/badge\/6e7b34a8ca5c5ab017b504aa8825985c9d2681a8465df20cae4e367efa459786.png\" alt=\"\" \/>\u00a0 \u00a0<img decoding=\"async\" src=\"https:\/\/backpack.openbadges.org\/images\/badge\/eafcc4057601cf4f137bcdc2ba1694f435872ef88b8ede1d6c75fab1d36eb4c1.png\" alt=\"\" \/>\u00a0 \u00a0 \u00a0 \u00a0 \u00a0 \u00a0 \u00a0\u00a0\u00a0\u00a0<img decoding=\"async\" src=\"https:\/\/backpack.openbadges.org\/images\/badge\/96527bfb2ad52191db248f4d025ef870113fa151feeb4f683db0ee475e12beca.png\" alt=\"\" \/>\u00a0\u00a0\u00a0<img decoding=\"async\" src=\"https:\/\/backpack.openbadges.org\/images\/badge\/1ab126b38572012dd5628aa5fb22c6380c4be33b31e79f9a82d5047caece065b.png\" alt=\"\" \/><\/p>\n<hr \/>\n<h4><\/h4>\n<h4><a href=\"http:\/\/www.supagro.fr\/\" target=\"_blank\"><img loading=\"lazy\" decoding=\"async\" class=\"alignnone wp-image-296\" src=\"http:\/\/hl-process.com\/wp-content\/uploads\/images-e1390593116233.jpg\" alt=\"images\" width=\"184\" height=\"73\" data-id=\"296\" \/><\/a><\/h4>\n<p><a title=\"SupAgro\" href=\"http:\/\/www.supagro.fr\/\" target=\"_blank\">www.supagro.fr<\/a><\/p>\n<h4>Formerly\u00a0ESAT\/ENSIA\u00a0(Ecole Sup. d&rsquo;Agronomie Tropicale \/ Ecole Nationale Sup. des Industries Alimentaires) &#8211;\u00a0Montpellier (France)<\/h4>\n<h5>Engineering<\/h5>\n<h5>\u00a0degree in Tropical Agronomy &#8211; Specialization: Agricultural Technology and Food<\/h5>\n<h5>Mention<\/h5>\n<hr \/>\n<h4><a href=\"http:\/\/www.agroparistech.fr\/Ecole-interne-ENGREF,708.html\" target=\"_blank\"><img loading=\"lazy\" decoding=\"async\" class=\"alignnone wp-image-297\" src=\"http:\/\/hl-process.com\/wp-content\/uploads\/mediadownload-300x79.jpg\" alt=\"mediadownload\" width=\"210\" height=\"55\" data-id=\"297\" srcset=\"https:\/\/www.hl-process.com\/wp-content\/uploads\/mediadownload-300x79.jpg 300w, https:\/\/www.hl-process.com\/wp-content\/uploads\/mediadownload.jpg 955w\" sizes=\"auto, (max-width: 210px) 100vw, 210px\" \/><\/a>\u00a0ENGREF Montpellier (France)<\/h4>\n<p><a title=\"AgroParisTech\" href=\"http:\/\/www.agroparistech.fr\/Ecole-interne-ENGREF,708.html\" target=\"_blank\">www.agroparistech.fr<\/a><\/p>\n<h5><span style=\"color: #000000;\">Superior Training of Forestry Warm Regions<\/span><\/h5>\n<h5><span style=\"color: #000000;\">Specialized Degree Postgraduate\u00a0(DSPU)<\/span><\/h5>\n<h5><span style=\"color: #000000;\">Mention<\/span><\/h5>\n<hr \/>\n<h4><a style=\"font-family: inherit; color: #970505; text-decoration: underline; outline: #000000;\" href=\"http:\/\/unice.fr\/sciences\" target=\"_blank\"><img loading=\"lazy\" decoding=\"async\" class=\"alignnone wp-image-298\" src=\"http:\/\/hl-process.com\/wp-content\/uploads\/plone-logo-neg-tag.png\" alt=\"plone-logo-neg-tag\" width=\"113\" height=\"73\" data-id=\"298\" \/><\/a>Facult\u00e9 des Sciences Nice Sophia Antipolis (France)<\/h4>\n<p><a title=\"Facult\u00e9 des Sciences - Nice\" href=\"http:\/\/unice.fr\/sciences\" target=\"_blank\">www.unice.fr\/sciences<\/a><\/p>\n<h5><span style=\"color: #000000;\">Bachelors and Masters \u00ab\u00a0Biology of Organisms and Populations\u00a0\u00bb<\/span><\/h5>\n<hr \/>\n<p style=\"text-align: left;\"><a href=\"http:\/\/hl-process.com\/en\/who-i-am\"><em><strong><span style=\"text-decoration: underline;\">Who I am?\u00a0<\/span> >><\/strong><\/em><\/a><\/p>\n<p><em> <a href=\"http:\/\/hl-process.com\/en\/my-professional-experiences\"><strong><span style=\"text-decoration: underline;\">My professional experiences<\/span>\u00a0 >><\/strong><\/a><\/em>[:]<\/p>\n","protected":false},"excerpt":{"rendered":"<p>[:fr] 2014 &#8211; MOOC &#8211; Gestion de Projet Formation assur\u00e9e par l&rsquo;Ecole Centrale de Lille. MOOC = Massive Open Online Course (Cours en Ligne Ouvert et Massif) \u00a0 Badges certifi\u00e9s (Mozilla Backpack) : \u00a0 \u00a0 \u00a0 \u00a0 \u00a0 \u00a0 \u00a0 \u00a0 \u00a0 \u00a0 \u00a0 \u00a0 \u00a0 \u00a0 \u00a0 \u00a0 \u00a0 \u00a0 \u00a0 \u00a0 \u00a0 \u00a0 [&hellip;]<\/p>\n","protected":false},"author":1,"featured_media":0,"parent":0,"menu_order":0,"comment_status":"closed","ping_status":"open","template":"","meta":{"footnotes":""},"class_list":["post-287","page","type-page","status-publish","czr-hentry"],"_links":{"self":[{"href":"https:\/\/www.hl-process.com\/en\/wp-json\/wp\/v2\/pages\/287","targetHints":{"allow":["GET"]}}],"collection":[{"href":"https:\/\/www.hl-process.com\/en\/wp-json\/wp\/v2\/pages"}],"about":[{"href":"https:\/\/www.hl-process.com\/en\/wp-json\/wp\/v2\/types\/page"}],"author":[{"embeddable":true,"href":"https:\/\/www.hl-process.com\/en\/wp-json\/wp\/v2\/users\/1"}],"replies":[{"embeddable":true,"href":"https:\/\/www.hl-process.com\/en\/wp-json\/wp\/v2\/comments?post=287"}],"version-history":[{"count":38,"href":"https:\/\/www.hl-process.com\/en\/wp-json\/wp\/v2\/pages\/287\/revisions"}],"predecessor-version":[{"id":1054,"href":"https:\/\/www.hl-process.com\/en\/wp-json\/wp\/v2\/pages\/287\/revisions\/1054"}],"wp:attachment":[{"href":"https:\/\/www.hl-process.com\/en\/wp-json\/wp\/v2\/media?parent=287"}],"curies":[{"name":"wp","href":"https:\/\/api.w.org\/{rel}","templated":true}]}}