{"id":13,"date":"2014-01-06T01:47:03","date_gmt":"2014-01-06T00:47:03","guid":{"rendered":"http:\/\/hl-process.com\/wp\/?page_id=13"},"modified":"2015-03-26T19:16:38","modified_gmt":"2015-03-26T18:16:38","slug":"produits-laitiers","status":"publish","type":"page","link":"https:\/\/www.hl-process.com\/en\/produits-laitiers\/","title":{"rendered":"[:fr]Produits Laitiers[:en]Dairy Products[:]"},"content":{"rendered":"<p>[:fr]<script>\/\/ <![CDATA[\n(function(i,s,o,g,r,a,m){i['GoogleAnalyticsObject']=r;i[r]=i[r]||function(){   (i[r].q=i[r].q||[]).push(arguments)},i[r].l=1*new Date();a=s.createElement(o),   m=s.getElementsByTagName(o)[0];a.async=1;a.src=g;m.parentNode.insertBefore(a,m)   })(window,document,'script','\/\/www.google-analytics.com\/analytics.js','ga');   ga('create', 'UA-61218157-1', 'auto');   ga('send', 'pageview');\n\/\/ ]]><\/script><\/p>\n<p><a href=\"http:\/\/hl-process.com\/wp-content\/uploads\/Produits.jpg\"><img loading=\"lazy\" decoding=\"async\" class=\"alignright wp-image-861\" src=\"http:\/\/hl-process.com\/wp-content\/uploads\/Produits.jpg\" alt=\"\" width=\"399\" height=\"552\" data-id=\"861\" srcset=\"https:\/\/www.hl-process.com\/wp-content\/uploads\/Produits.jpg 740w, https:\/\/www.hl-process.com\/wp-content\/uploads\/Produits-216x300.jpg 216w\" sizes=\"auto, (max-width: 399px) 100vw, 399px\" \/><\/a><\/p>\n<p><strong><span style=\"color: inherit; font-family: inherit; font-size: 14px; line-height: 14px;\">\u00a0<\/span><\/strong><\/p>\n<hr \/>\n<p><strong><span style=\"color: inherit; font-family: inherit; font-size: 14px; line-height: 14px;\">\u00a0<\/span><\/strong><strong>&#8211; Lait pasteuris\u00e9 et UHT\u00a0<\/strong><\/p>\n<p><strong>\u00a0&#8211; Yaourt brass\u00e9s et \u00e9tuv\u00e9s<\/strong><\/p>\n<p><strong>\u00a0&#8211; Laits ferment\u00e9s, leben, ra\u00efb<\/strong><\/p>\n<p><strong>\u00a0&#8211; Cr\u00e8mes desserts<\/strong><\/p>\n<p><strong>\u00a0&#8211; Fromages frais<\/strong><\/p>\n<p><strong>\u00a0&#8211; Fromages \u00e0 p\u00e2tes molles<\/strong><\/p>\n<p><strong>\u00a0&#8211; Cr\u00e8mes et beurres<\/strong><\/p>\n<hr \/>\n<p><a title=\"Autres Produits Alimentaires\" href=\"http:\/\/www.hl-process.com\/fr\/autres-produits-alimentaires\/\"><strong><span style=\"text-decoration: underline;\">Autres Produits Alimentaires<\/span><span style=\"color: #ff0000;\">\u00a0>><\/span><\/strong><\/a><\/p>\n<p><a title=\"Cas\u00e9ines et Cas\u00e9inates\" href=\"http:\/\/www.hl-process.com\/fr\/caseines-et-caseinates\/\"><strong><span style=\"text-decoration: underline;\"><span style=\"text-decoration: underline;\"><span style=\"text-decoration: underline;\">Cas\u00e9ines et Cas\u00e9inates<\/span><\/span><\/span><span style=\"color: #ff0000;\">\u00a0>><\/span><\/strong><\/a>[:en]<script>\/\/ <![CDATA[\n(function(i,s,o,g,r,a,m){i['GoogleAnalyticsObject']=r;i[r]=i[r]||function(){   (i[r].q=i[r].q||[]).push(arguments)},i[r].l=1*new Date();a=s.createElement(o),   m=s.getElementsByTagName(o)[0];a.async=1;a.src=g;m.parentNode.insertBefore(a,m)   })(window,document,'script','\/\/www.google-analytics.com\/analytics.js','ga');   ga('create', 'UA-61218157-1', 'auto');   ga('send', 'pageview');\n\/\/ ]]><\/script><\/p>\n<p><a href=\"http:\/\/hl-process.com\/wp-content\/uploads\/Produits.jpg\"><img loading=\"lazy\" decoding=\"async\" class=\"alignright wp-image-861\" src=\"http:\/\/hl-process.com\/wp-content\/uploads\/Produits.jpg\" alt=\"\" width=\"399\" height=\"552\" data-id=\"861\" srcset=\"https:\/\/www.hl-process.com\/wp-content\/uploads\/Produits.jpg 740w, https:\/\/www.hl-process.com\/wp-content\/uploads\/Produits-216x300.jpg 216w\" sizes=\"auto, (max-width: 399px) 100vw, 399px\" \/><\/a><\/p>\n<p><strong><span style=\"color: inherit; font-family: inherit; font-size: 14px; line-height: 14px;\">\u00a0<\/span><\/strong><\/p>\n<hr \/>\n<p><strong>\u00a0&#8211; Pasteurised and UHT milk<\/strong><\/p>\n<p><strong>\u00a0&#8211; Set yogurt, stirred yogurt<\/strong><\/p>\n<p><strong>\u00a0&#8211; Fermented milk, leben, ra\u00efb<\/strong><\/p>\n<p><strong>\u00a0&#8211; Dessert cream<\/strong><\/p>\n<p><strong>\u00a0&#8211;\u00a0Fresh cheese<\/strong><\/p>\n<p><strong>\u00a0&#8211;\u00a0Soft cheese<\/strong><\/p>\n<p><strong>\u00a0&#8211; Cream and butter<\/strong><\/p>\n<hr \/>\n<p><a title=\"Others Food Products\" href=\"http:\/\/hl-process.com\/en\/others-food-products\/\"><strong><span style=\"text-decoration: underline;\">Others food products<\/span>\u00a0&gt;&gt;<\/strong><\/a><\/p>\n<p><a title=\"Caseins and Caseinates\" href=\"http:\/\/hl-process.com\/en\/caseins-and-caseinates\/\"><strong><span style=\"text-decoration: underline;\"><span style=\"text-decoration: underline;\"><span style=\"text-decoration: underline;\">Caseins and Caseinates<\/span><\/span><\/span>\u00a0&gt;&gt;<\/strong><\/a>[:]<\/p>\n","protected":false},"excerpt":{"rendered":"<p>[:fr] \u00a0 \u00a0&#8211; Lait pasteuris\u00e9 et UHT\u00a0 \u00a0&#8211; Yaourt brass\u00e9s et \u00e9tuv\u00e9s \u00a0&#8211; Laits ferment\u00e9s, leben, ra\u00efb \u00a0&#8211; Cr\u00e8mes desserts \u00a0&#8211; Fromages frais \u00a0&#8211; Fromages \u00e0 p\u00e2tes molles \u00a0&#8211; Cr\u00e8mes et beurres Autres Produits Alimentaires\u00a0>> Cas\u00e9ines et Cas\u00e9inates\u00a0>>[:en] \u00a0 \u00a0&#8211; Pasteurised and UHT milk \u00a0&#8211; Set yogurt, stirred yogurt \u00a0&#8211; Fermented milk, leben, ra\u00efb \u00a0&#8211; [&hellip;]<\/p>\n","protected":false},"author":1,"featured_media":0,"parent":0,"menu_order":0,"comment_status":"open","ping_status":"closed","template":"","meta":{"footnotes":""},"class_list":["post-13","page","type-page","status-publish","czr-hentry"],"_links":{"self":[{"href":"https:\/\/www.hl-process.com\/en\/wp-json\/wp\/v2\/pages\/13","targetHints":{"allow":["GET"]}}],"collection":[{"href":"https:\/\/www.hl-process.com\/en\/wp-json\/wp\/v2\/pages"}],"about":[{"href":"https:\/\/www.hl-process.com\/en\/wp-json\/wp\/v2\/types\/page"}],"author":[{"embeddable":true,"href":"https:\/\/www.hl-process.com\/en\/wp-json\/wp\/v2\/users\/1"}],"replies":[{"embeddable":true,"href":"https:\/\/www.hl-process.com\/en\/wp-json\/wp\/v2\/comments?post=13"}],"version-history":[{"count":28,"href":"https:\/\/www.hl-process.com\/en\/wp-json\/wp\/v2\/pages\/13\/revisions"}],"predecessor-version":[{"id":1062,"href":"https:\/\/www.hl-process.com\/en\/wp-json\/wp\/v2\/pages\/13\/revisions\/1062"}],"wp:attachment":[{"href":"https:\/\/www.hl-process.com\/en\/wp-json\/wp\/v2\/media?parent=13"}],"curies":[{"name":"wp","href":"https:\/\/api.w.org\/{rel}","templated":true}]}}